{"id":200,"date":"2025-04-14T10:58:45","date_gmt":"2025-04-14T10:58:45","guid":{"rendered":"https:\/\/nutrialand.com\/?post_type=product&#038;p=200"},"modified":"2026-03-09T07:21:05","modified_gmt":"2026-03-09T07:21:05","slug":"garcinia-ultra","status":"publish","type":"product","link":"https:\/\/nutrialand.com\/el\/product\/garcinia-ultra\/","title":{"rendered":"Garcinia Ultra"},"content":{"rendered":"<p><strong>\u03a0\u03b5\u03c1\u03b9\u03b3\u03c1\u03b1\u03c6\u03ae: <\/strong>\u0388\u03bd\u03b1 \u03c6\u03c5\u03c3\u03b9\u03ba\u03cc \u03c3\u03c5\u03bc\u03c0\u03bb\u03ae\u03c1\u03c9\u03bc\u03b1 \u03bc\u03b5 \u03b5\u03ba\u03c7\u03cd\u03bb\u03b9\u03c3\u03bc\u03b1 Garcinia Cambogia, \u03c3\u03c7\u03b5\u03b4\u03b9\u03b1\u03c3\u03bc\u03ad\u03bd\u03bf \u03b3\u03b9\u03b1 \u03c4\u03b7\u03bd \u03c5\u03c0\u03bf\u03c3\u03c4\u03ae\u03c1\u03b9\u03be\u03b7 \u03c4\u03bf\u03c5 \u03b5\u03bb\u03ad\u03b3\u03c7\u03bf\u03c5 \u03b2\u03ac\u03c1\u03bf\u03c5\u03c2 \u03ba\u03b1\u03b9 \u03c4\u03bf\u03c5 \u03bc\u03b5\u03c4\u03b1\u03b2\u03bf\u03bb\u03b9\u03c3\u03bc\u03bf\u03cd \u03c3\u03b5 \u03c0\u03c1\u03b1\u03ba\u03c4\u03b9\u03ba\u03ae \u03bc\u03bf\u03c1\u03c6\u03ae \u03ba\u03ac\u03c8\u03bf\u03c5\u03bb\u03b1\u03c2.<\/p>\r\n\r\n\r\n\r\n<p><strong>\u03a3\u03c5\u03c3\u03c4\u03b1\u03c4\u03b9\u03ba\u03ac: <\/strong>\u0394\u03b9\u03bf\u03b3\u03ba\u03c9\u03c4\u03b9\u03ba\u03cc\u03c2 \u03c0\u03b1\u03c1\u03ac\u03b3\u03bf\u03bd\u03c4\u03b1\u03c2: \u03cc\u03be\u03b9\u03bd\u03bf \u03c6\u03c9\u03c3\u03c6\u03bf\u03c1\u03b9\u03ba\u03cc \u03b1\u03c3\u03b2\u03ad\u03c3\u03c4\u03b9\u03bf; \u03b5\u03ba\u03c7\u03cd\u03bb\u03b9\u03c3\u03bc\u03b1 garcinia cambogia (Garc\u012bnia g\u016bmmi-g\u016btta) 10:1; \u03ba\u03ad\u03bb\u03c5\u03c6\u03bf\u03c2 \u03ba\u03ac\u03c8\u03bf\u03c5\u03bb\u03b1\u03c2: \u03c5\u03b4\u03c1\u03bf\u03be\u03c5\u03c0\u03c1\u03bf\u03c0\u03c5\u03bb\u03bf\u03bc\u03b5\u03b8\u03c5\u03bb\u03bf\u03ba\u03c5\u03c4\u03c4\u03b1\u03c1\u03af\u03bd\u03b7\u00b7 \u03b1\u03bd\u03c4\u03b9\u03c3\u03c5\u03c3\u03c3\u03c9\u03bc\u03b1\u03c4\u03b9\u03ba\u03cc\u03c2 \u03c0\u03b1\u03c1\u03ac\u03b3\u03bf\u03bd\u03c4\u03b1\u03c2: \u03c3\u03c4\u03b5\u03b1\u03c4\u03b9\u03ba\u03cc \u03bc\u03b1\u03b3\u03bd\u03ae\u03c3\u03b9\u03bf.<\/p>\r\n\r\n\r\n\r\n<figure class=\"wp-block-table\">\r\n<table class=\"has-fixed-layout\">\r\n<tbody>\r\n<tr>\r\n<td><strong>\u03a3\u03c5\u03c3\u03c4\u03b1\u03c4\u03b9\u03ba\u03ac<\/strong><\/td>\r\n<td><strong>1 \u03b4\u03b9\u03c3\u03ba\u03af\u03bf<\/strong><\/td>\r\n<\/tr>\r\n<tr>\r\n<td>\u0395\u03ba\u03c7\u03cd\u03bb\u03b9\u03c3\u03bc\u03b1 Garcinia Cambogia 10:1<\/td>\r\n<td>100mg \u03b5\u03ba\u03c7\u03c5\u03bb\u03af\u03c3\u03bc\u03b1\u03c4\u03bf\u03c2 \u03b9\u03c3\u03bf\u03b4\u03cd\u03bd\u03b1\u03bc\u03b1 \u03bc\u03b5 1000mg Garcinia Cambogia<\/td>\r\n<\/tr>\r\n<\/tbody>\r\n<\/table>\r\n<\/figure>\r\n\r\n\r\n\r\n<p><strong>\u0394\u03bf\u03c3\u03bf\u03bb\u03bf\u03b3\u03af\u03b1 \u03ba\u03b1\u03b9 \u03a0\u03c1\u03bf\u03b5\u03b9\u03b4\u03bf\u03c0\u03bf\u03b9\u03ae\u03c3\u03b5\u03b9\u03c2<\/strong><\/p>\r\n\r\n\r\n\r\n<p><strong>\u0394\u03bf\u03c3\u03bf\u03bb\u03bf\u03b3\u03af\u03b1: <\/strong>\u0397 \u03c3\u03c5\u03bd\u03b9\u03c3\u03c4\u03ce\u03bc\u03b5\u03bd\u03b7 \u03b4\u03bf\u03c3\u03bf\u03bb\u03bf\u03b3\u03af\u03b1 \u03b5\u03af\u03bd\u03b1\u03b9 \u03bc\u03af\u03b1 \u03ba\u03ac\u03c8\u03bf\u03c5\u03bb\u03b1 \u03c4\u03b7\u03bd \u03b7\u03bc\u03ad\u03c1\u03b1, \u03ba\u03b1\u03c4\u03ac \u03c0\u03c1\u03bf\u03c4\u03af\u03bc\u03b7\u03c3\u03b7 30-60 \u03bb\u03b5\u03c0\u03c4\u03ac \u03c0\u03c1\u03b9\u03bd \u03b1\u03c0\u03cc \u03c4\u03bf \u03b3\u03b5\u03cd\u03bc\u03b1.<\/p>\r\n\r\n\r\n\r\n<p><strong>\u03a0\u03c1\u03bf\u03b5\u03b9\u03b4\u03bf\u03c0\u03bf\u03b9\u03ae\u03c3\u03b5\u03b9\u03c2:<\/strong> \u039d\u03b1 \u03c6\u03c5\u03bb\u03ac\u03c3\u03c3\u03b5\u03c4\u03b1\u03b9 \u03bc\u03b1\u03ba\u03c1\u03b9\u03ac \u03b1\u03c0\u03cc \u03c0\u03b1\u03b9\u03b4\u03b9\u03ac \u03c3\u03b5 \u03be\u03b7\u03c1\u03cc \u03bc\u03ad\u03c1\u03bf\u03c2 \u03c3\u03b5 \u03b8\u03b5\u03c1\u03bc\u03bf\u03ba\u03c1\u03b1\u03c3\u03af\u03b1 \u03b4\u03c9\u03bc\u03b1\u03c4\u03af\u03bf\u03c5. \u039d\u03b1 \u03bc\u03b7\u03bd \u03b3\u03af\u03bd\u03b5\u03c4\u03b1\u03b9 \u03c5\u03c0\u03ad\u03c1\u03b2\u03b1\u03c3\u03b7 \u03c4\u03b7\u03c2 \u03c3\u03c5\u03bd\u03b9\u03c3\u03c4\u03ce\u03bc\u03b5\u03bd\u03b7\u03c2 \u03b7\u03bc\u03b5\u03c1\u03ae\u03c3\u03b9\u03b1\u03c2 \u03b4\u03cc\u03c3\u03b7\u03c2. \u039c\u03b7\u03bd \u03c7\u03c1\u03b7\u03c3\u03b9\u03bc\u03bf\u03c0\u03bf\u03b9\u03b5\u03af\u03c4\u03b5 \u03c4\u03bf \u03c3\u03c5\u03bc\u03c0\u03bb\u03ae\u03c1\u03c9\u03bc\u03b1 \u03b4\u03b9\u03b1\u03c4\u03c1\u03bf\u03c6\u03ae\u03c2 \u03c9\u03c2 \u03c5\u03c0\u03bf\u03ba\u03b1\u03c4\u03ac\u03c3\u03c4\u03b1\u03c4\u03bf \u03bc\u03b9\u03b1\u03c2 \u03c5\u03b3\u03b9\u03b5\u03b9\u03bd\u03ae\u03c2 \u03ba\u03b1\u03b9 \u03b9\u03c3\u03bf\u03c1\u03c1\u03bf\u03c0\u03b7\u03bc\u03ad\u03bd\u03b7\u03c2 \u03b4\u03b9\u03b1\u03c4\u03c1\u03bf\u03c6\u03ae\u03c2.<\/p>","protected":false},"excerpt":{"rendered":"<p>\u0395\u03ba\u03c7\u03cd\u03bb\u03b9\u03c3\u03bc\u03b1 Garcinia Cambogia, 30 \u0394\u03b9\u03c3\u03ba\u03af\u03b1<\/p>","protected":false},"featured_media":838,"template":"","meta":[],"product_brand":[],"product_cat":[28],"product_tag":[],"class_list":{"0":"post-200","1":"product","2":"type-product","3":"status-publish","4":"has-post-thumbnail","6":"product_cat-supplements","8":"first","9":"instock","10":"shipping-taxable","11":"purchasable","12":"product-type-simple"},"_links":{"self":[{"href":"https:\/\/nutrialand.com\/el\/wp-json\/wp\/v2\/product\/200","targetHints":{"allow":["GET"]}}],"collection":[{"href":"https:\/\/nutrialand.com\/el\/wp-json\/wp\/v2\/product"}],"about":[{"href":"https:\/\/nutrialand.com\/el\/wp-json\/wp\/v2\/types\/product"}],"wp:featuredmedia":[{"embeddable":true,"href":"https:\/\/nutrialand.com\/el\/wp-json\/wp\/v2\/media\/838"}],"wp:attachment":[{"href":"https:\/\/nutrialand.com\/el\/wp-json\/wp\/v2\/media?parent=200"}],"wp:term":[{"taxonomy":"product_brand","embeddable":true,"href":"https:\/\/nutrialand.com\/el\/wp-json\/wp\/v2\/product_brand?post=200"},{"taxonomy":"product_cat","embeddable":true,"href":"https:\/\/nutrialand.com\/el\/wp-json\/wp\/v2\/product_cat?post=200"},{"taxonomy":"product_tag","embeddable":true,"href":"https:\/\/nutrialand.com\/el\/wp-json\/wp\/v2\/product_tag?post=200"}],"curies":[{"name":"wp","href":"https:\/\/api.w.org\/{rel}","templated":true}]}}